{"id":677,"date":"2023-11-13T14:36:31","date_gmt":"2023-11-13T14:36:31","guid":{"rendered":"https:\/\/edificiohelios.com\/accessibility\/"},"modified":"2023-11-16T15:26:10","modified_gmt":"2023-11-16T15:26:10","slug":"accessibility","status":"publish","type":"page","link":"https:\/\/edificiohelios.es\/en\/accessibility\/","title":{"rendered":"Accessibility"},"content":{"rendered":"\n<div class=\"wp-block-uagb-container uagb-block-c4e3a84a alignfull uagb-is-root-container\"><div class=\"uagb-container-inner-blocks-wrap\">\n<div class=\"wp-block-uagb-container uagb-block-75a30052\">\n<div data-aos= \"fade-up\" data-aos-duration=\"400\" data-aos-delay=\"0\" data-aos-easing=\"ease\" data-aos-once=\"true\" class=\"wp-block-uagb-container uagb-block-350dbed0\">\n<h2 class=\"wp-block-heading titulomovilmaspeque&#xF1;o has-ast-global-color-5-color has-text-color\" style=\"font-size:48px;line-height:1.2\"><strong>Accessibility<\/strong><\/h2>\n<\/div>\n<\/div>\n\n\n\n<div class=\"wp-block-uagb-container uagb-block-c53fe5af\"><\/div>\n<\/div><\/div>\n\n<div class=\"wp-block-uagb-container uagb-block-300db8bc alignfull uagb-is-root-container\"><div class=\"uagb-container-inner-blocks-wrap\">\n<p>El Documento de Justificaci\u00f3n de la Accesibilidad es el resultado de la implantaci\u00f3n correcta de la normativa WCAG 2.1 en materia de accesibilidad y que se utiliza como evidencia de la justificaci\u00f3n del criterio de accesibilidad del Programa Kit Digital. Est\u00e1 estructurado conforme a los anexos de la norma UNE-EN 301 549:2022.<\/p>\n\n\n\n<p>La presente declaraci\u00f3n de accesibilidad se aplica al sitio web <a href=\"https:\/\/geseringenieros.es\/\"><\/a>www.edificiohelios.com<\/p>\n\n\n\n<p class=\"has-medium-font-size\" style=\"margin-top:var(--wp--preset--spacing--70)\"><strong>Situaci\u00f3n de cumplimiento<\/strong><\/p>\n\n\n\n<p>Este sitio web es <strong>plenamente conforme <\/strong>con el UNE-EN 301 549:2022 debido a las excepciones y a la falta de conformidad de los aspectos que se indican a continuaci\u00f3n.<\/p>\n\n\n\n<p class=\"has-medium-font-size\" style=\"margin-top:var(--wp--preset--spacing--70)\"><strong>Contenido no accesible<\/strong><\/p>\n\n\n\n<p>El contenido que se recoge a continuaci\u00f3n no es accesible por lo siguiente:<\/p>\n\n\n\n<ol class=\"wp-block-list\">\n<li><strong>falta de conformidad con el RD 1112\/2018<\/strong>\n<ul class=\"wp-block-list\">\n<li>Existen im\u00e1genes, infograf\u00edas, textos de enlaces o botones, texto de titulares y contenido que no est\u00e1n traducidos a otros idiomas.<\/li>\n\n\n\n<li>Existen elementos que no son accesibles por teclado, como por ejemplo enlaces a redes sociales, el editor de textos para comentarios, elementos para ordenar resultados de b\u00fasqueda, la paginaci\u00f3n de los resultados de b\u00fasqueda o las flechas de calendario.<\/li>\n\n\n\n<li>Podr\u00edan existir fallos puntuales de edici\u00f3n en alguna p\u00e1gina web.<\/li>\n\n\n\n<li>Los documentos PDF creados con anterioridad a la creaci\u00f3n de la web pueden no haber sido convertidos a un formato completamente accesible.<\/li>\n<\/ul>\n<\/li>\n\n\n\n<li><strong>carga desproporcionada<\/strong>\n<ul class=\"wp-block-list\">\n<li>No aplica.<\/li>\n<\/ul>\n<\/li>\n\n\n\n<li>el contenido&nbsp;<strong>no entra dentro del \u00e1mbito de la legislaci\u00f3n<\/strong>&nbsp;aplicable\n<ul class=\"wp-block-list\">\n<li>Podr\u00edan existir archivos ofim\u00e1ticos en PDF u otros formatos publicados antes del 20 de septiembre de 2018 que no cumplan en su totalidad todos los requisitos de accesibilidad. Aunque se ha procurado que la mayor\u00eda de ellos s\u00ed lo cumplan.<\/li>\n<\/ul>\n<\/li>\n<\/ol>\n\n\n\n<p class=\"has-medium-font-size\" style=\"margin-top:var(--wp--preset--spacing--70)\"><strong>Preparaci\u00f3n de la presente declaraci\u00f3n de accesibilidad<\/strong><\/p>\n\n\n\n<p>La presente declaraci\u00f3n fue preparada el 13 de noviembre de 2023.<\/p>\n\n\n\n<p>El m\u00e9todo empleado para preparar la declaraci\u00f3n ha sido una autoevaluaci\u00f3n llevada a cabo por el propio organismo.<\/p>\n\n\n\n<p>\u00daltima revisi\u00f3n de la declaraci\u00f3n: 13 de noviembre de 2023.<\/p>\n\n\n\n<p class=\"has-medium-font-size\" style=\"margin-top:var(--wp--preset--spacing--70)\"><strong>Observaciones y datos de contacto<\/strong><\/p>\n\n\n\n<p>Puede realizar comunicaciones sobre requisitos de accesibilidad (art\u00edculo 10.2.a) del RD 1112\/2018) como por ejemplo:<\/p>\n\n\n\n<ul class=\"wp-block-list\">\n<li>informar sobre cualquier posible <strong>incumplimiento<\/strong> por parte de este sitio web<\/li>\n\n\n\n<li>transmitir otras <strong>dificultades de acceso<\/strong> al contenido<\/li>\n\n\n\n<li>formular cualquier otra <strong>consulta o sugerencia de mejora<\/strong> relativa a la accesibilidad del sitio web<\/li>\n<\/ul>\n\n\n\n<p>A trav\u00e9s del siguiente correo info@edificiohelios.es o llamando al tel\u00e9fono 91 675 25 92<\/p>\n\n\n\n<p class=\"has-medium-font-size\" style=\"margin-top:var(--wp--preset--spacing--70)\"><strong>Contenido opcional<\/strong><\/p>\n\n\n\n<p>Este sitio web aplica los requisitos de la <strong>Norma UNE-EN 301549:2022<\/strong> considerando las excepciones del RD 1112\/2018.<\/p>\n\n\n\n<p>La \u00faltima revisi\u00f3n de la accesibilidad se ha realizado en marzo de 2023.<\/p>\n\n\n\n<p>El sitio web est\u00e1 optimizado para los navegadores Microsoft Internet Explorer 8.0 o versiones superiores y las \u00faltimas versiones vigentes de FireFox, Safari, Opera y Google Chrome.<\/p>\n\n\n\n<p>El sitio web est\u00e1 dise\u00f1ado para su visualizaci\u00f3n Responsive, con lo que se visualiza de forma \u00f3ptima en los dispositivos tablet y m\u00f3viles. En estos dispositivos est\u00e1 optimizado para su visualizaci\u00f3n en las \u00faltimas versiones vigentes de Chrome for mobile, Firefox for mobile, Safari mobile, Opera Mini y navegador nativo de Android.<\/p>\n\n\n\n<p>Se incorpora la Herramienta de Accesibilidad <strong>One Click Accessibility<\/strong> que permite al usuario las siguientes opciones:<\/p>\n\n\n\n<ul class=\"wp-block-list\">\n<li>Cambiar el tama\u00f1o de la fuente (aumentar\/disminuir)<\/li>\n\n\n\n<li>escala de grises<\/li>\n\n\n\n<li>Contraste negativo<\/li>\n\n\n\n<li>Alto contraste<\/li>\n\n\n\n<li>Fondo claro<\/li>\n\n\n\n<li>Subrayado de enlaces<\/li>\n\n\n\n<li>Fuente legible<\/li>\n\n\n\n<li>Enlace al mapa del sitio\/comentarios\/p\u00e1ginas de ayuda<\/li>\n\n\n\n<li>Habilitar saltar al contenido<\/li>\n\n\n\n<li>A\u00f1adir foco de esquema para elementos enfocables<\/li>\n\n\n\n<li>Eliminar el atributo de destino de los enlaces<\/li>\n\n\n\n<li>Agregar roles de referencia a todos los enlaces<\/li>\n\n\n\n<li>Personalizador para ajuste de estilo<\/li>\n<\/ul>\n<\/div><\/div>\n\n<div class=\"wp-block-uagb-container uagb-block-fe7b2d9a alignfull uagb-is-root-container\"><div class=\"uagb-container-inner-blocks-wrap\">\n<div class=\"wp-block-buttons is-content-justification-center is-layout-flex wp-container-core-buttons-is-layout-a89b3969 wp-block-buttons-is-layout-flex\">\n<div class=\"wp-block-button\"><a class=\"wp-block-button__link wp-element-button\" href=\"https:\/\/edificiohelios.com\/en\/\">BACK<\/a><\/div>\n<\/div>\n<\/div><\/div>\n","protected":false},"excerpt":{"rendered":"<p>Accessibility El Documento de Justificaci\u00f3n de la Accesibilidad es el resultado de la implantaci\u00f3n correcta de la normativa WCAG 2.1 en materia de accesibilidad y que se utiliza como evidencia de la justificaci\u00f3n del criterio de accesibilidad del Programa Kit Digital. Est\u00e1 estructurado conforme a los anexos de la norma UNE-EN 301 549:2022. La presente [&hellip;]<\/p>\n","protected":false},"author":3,"featured_media":584,"parent":0,"menu_order":0,"comment_status":"closed","ping_status":"closed","template":"","meta":{"_seopress_robots_primary_cat":"","_seopress_titles_title":"","_seopress_titles_desc":"","_seopress_robots_index":"","_uag_custom_page_level_css":"","site-sidebar-layout":"no-sidebar","site-content-layout":"","ast-site-content-layout":"default","site-content-style":"default","site-sidebar-style":"default","ast-global-header-display":"","ast-banner-title-visibility":"","ast-main-header-display":"","ast-hfb-above-header-display":"","ast-hfb-below-header-display":"","ast-hfb-mobile-header-display":"","site-post-title":"disabled","ast-breadcrumbs-content":"","ast-featured-img":"disabled","footer-sml-layout":"","theme-transparent-header-meta":"","adv-header-id-meta":"","stick-header-meta":"","header-above-stick-meta":"","header-main-stick-meta":"","header-below-stick-meta":"","astra-migrate-meta-layouts":"default","ast-page-background-enabled":"default","ast-page-background-meta":{"desktop":{"background-color":"","background-image":"","background-repeat":"repeat","background-position":"center center","background-size":"auto","background-attachment":"scroll","background-type":"","background-media":"","overlay-type":"","overlay-color":"","overlay-opacity":"","overlay-gradient":""},"tablet":{"background-color":"","background-image":"","background-repeat":"repeat","background-position":"center center","background-size":"auto","background-attachment":"scroll","background-type":"","background-media":"","overlay-type":"","overlay-color":"","overlay-opacity":"","overlay-gradient":""},"mobile":{"background-color":"","background-image":"","background-repeat":"repeat","background-position":"center center","background-size":"auto","background-attachment":"scroll","background-type":"","background-media":"","overlay-type":"","overlay-color":"","overlay-opacity":"","overlay-gradient":""}},"ast-content-background-meta":{"desktop":{"background-color":"var(--ast-global-color-5)","background-image":"","background-repeat":"repeat","background-position":"center center","background-size":"auto","background-attachment":"scroll","background-type":"","background-media":"","overlay-type":"","overlay-color":"","overlay-opacity":"","overlay-gradient":""},"tablet":{"background-color":"var(--ast-global-color-5)","background-image":"","background-repeat":"repeat","background-position":"center center","background-size":"auto","background-attachment":"scroll","background-type":"","background-media":"","overlay-type":"","overlay-color":"","overlay-opacity":"","overlay-gradient":""},"mobile":{"background-color":"var(--ast-global-color-5)","background-image":"","background-repeat":"repeat","background-position":"center center","background-size":"auto","background-attachment":"scroll","background-type":"","background-media":"","overlay-type":"","overlay-color":"","overlay-opacity":"","overlay-gradient":""}},"footnotes":""},"class_list":["post-677","page","type-page","status-publish","has-post-thumbnail","hentry"],"uagb_featured_image_src":{"full":["https:\/\/edificiohelios.es\/wp-content\/uploads\/2023\/11\/General-Despacho.jpg",1000,667,false],"thumbnail":["https:\/\/edificiohelios.es\/wp-content\/uploads\/2023\/11\/General-Despacho-150x150.jpg",150,150,true],"medium":["https:\/\/edificiohelios.es\/wp-content\/uploads\/2023\/11\/General-Despacho-300x200.jpg",300,200,true],"medium_large":["https:\/\/edificiohelios.es\/wp-content\/uploads\/2023\/11\/General-Despacho-768x512.jpg",768,512,true],"large":["https:\/\/edificiohelios.es\/wp-content\/uploads\/2023\/11\/General-Despacho.jpg",1000,667,false],"1536x1536":["https:\/\/edificiohelios.es\/wp-content\/uploads\/2023\/11\/General-Despacho.jpg",1000,667,false],"2048x2048":["https:\/\/edificiohelios.es\/wp-content\/uploads\/2023\/11\/General-Despacho.jpg",1000,667,false]},"uagb_author_info":{"display_name":"admin_helios","author_link":"https:\/\/edificiohelios.es\/en\/author\/admin_helios\/"},"uagb_comment_info":0,"uagb_excerpt":"Accessibility El Documento de Justificaci\u00f3n de la Accesibilidad es el resultado de la implantaci\u00f3n correcta de la normativa WCAG 2.1 en materia de accesibilidad y que se utiliza como evidencia de la justificaci\u00f3n del criterio de accesibilidad del Programa Kit Digital. Est\u00e1 estructurado conforme a los anexos de la norma UNE-EN 301 549:2022. La presente&hellip;","_links":{"self":[{"href":"https:\/\/edificiohelios.es\/en\/wp-json\/wp\/v2\/pages\/677","targetHints":{"allow":["GET"]}}],"collection":[{"href":"https:\/\/edificiohelios.es\/en\/wp-json\/wp\/v2\/pages"}],"about":[{"href":"https:\/\/edificiohelios.es\/en\/wp-json\/wp\/v2\/types\/page"}],"author":[{"embeddable":true,"href":"https:\/\/edificiohelios.es\/en\/wp-json\/wp\/v2\/users\/3"}],"replies":[{"embeddable":true,"href":"https:\/\/edificiohelios.es\/en\/wp-json\/wp\/v2\/comments?post=677"}],"version-history":[{"count":3,"href":"https:\/\/edificiohelios.es\/en\/wp-json\/wp\/v2\/pages\/677\/revisions"}],"predecessor-version":[{"id":680,"href":"https:\/\/edificiohelios.es\/en\/wp-json\/wp\/v2\/pages\/677\/revisions\/680"}],"wp:featuredmedia":[{"embeddable":true,"href":"https:\/\/edificiohelios.es\/en\/wp-json\/wp\/v2\/media\/584"}],"wp:attachment":[{"href":"https:\/\/edificiohelios.es\/en\/wp-json\/wp\/v2\/media?parent=677"}],"curies":[{"name":"wp","href":"https:\/\/api.w.org\/{rel}","templated":true}]}}